{"id":22124,"date":"2020-02-18T11:55:45","date_gmt":"2020-02-18T10:55:45","guid":{"rendered":"https:\/\/cherryandreal.ch\/lscourtage\/team\/"},"modified":"2026-02-12T00:14:38","modified_gmt":"2026-02-11T23:14:38","slug":"team","status":"publish","type":"page","link":"https:\/\/lscourtage.ch\/de\/team\/","title":{"rendered":"Team"},"content":{"rendered":"\t\t<div data-elementor-type=\"wp-page\" data-elementor-id=\"22124\" class=\"elementor elementor-22124 elementor-56\" data-elementor-post-type=\"page\">\n\t\t\t\t\t\t<section class=\"elementor-section elementor-top-section elementor-element elementor-element-e275c11 elementor-section-height-min-height animated-slow elementor-section-boxed elementor-section-height-default elementor-section-items-middle elementor-invisible\" data-id=\"e275c11\" data-element_type=\"section\" data-e-type=\"section\" data-settings=\"{&quot;background_background&quot;:&quot;classic&quot;,&quot;animation&quot;:&quot;fadeIn&quot;}\">\n\t\t\t\t\t\t\t<div class=\"elementor-background-overlay\"><\/div>\n\t\t\t\t\t\t\t<div class=\"elementor-container elementor-column-gap-default\">\n\t\t\t\t\t<div class=\"elementor-column elementor-col-100 elementor-top-column elementor-element elementor-element-db908ad\" data-id=\"db908ad\" data-element_type=\"column\" data-e-type=\"column\">\n\t\t\t<div class=\"elementor-widget-wrap elementor-element-populated\">\n\t\t\t\t\t\t<div class=\"elementor-element elementor-element-2c3b978 elementor-widget elementor-widget-heading\" data-id=\"2c3b978\" data-element_type=\"widget\" data-e-type=\"widget\" data-widget_type=\"heading.default\">\n\t\t\t\t<div class=\"elementor-widget-container\">\n\t\t\t\t\t<h1 class=\"elementor-heading-title elementor-size-default\">Team<\/h1>\t\t\t\t<\/div>\n\t\t\t\t<\/div>\n\t\t\t\t\t<\/div>\n\t\t<\/div>\n\t\t\t\t\t<\/div>\n\t\t<\/section>\n\t\t\t\t<section class=\"elementor-section elementor-top-section elementor-element elementor-element-1bb41ac elementor-section-boxed elementor-section-height-default elementor-section-height-default\" data-id=\"1bb41ac\" data-element_type=\"section\" data-e-type=\"section\" data-settings=\"{&quot;background_background&quot;:&quot;classic&quot;}\">\n\t\t\t\t\t\t<div class=\"elementor-container elementor-column-gap-default\">\n\t\t\t\t\t<div class=\"elementor-column elementor-col-100 elementor-top-column elementor-element elementor-element-8eb8b71\" data-id=\"8eb8b71\" data-element_type=\"column\" data-e-type=\"column\">\n\t\t\t<div class=\"elementor-widget-wrap elementor-element-populated\">\n\t\t\t\t\t\t<div class=\"elementor-element elementor-element-dceb945 elementor-widget elementor-widget-spacer\" data-id=\"dceb945\" data-element_type=\"widget\" data-e-type=\"widget\" data-widget_type=\"spacer.default\">\n\t\t\t\t<div class=\"elementor-widget-container\">\n\t\t\t\t\t\t\t<div class=\"elementor-spacer\">\n\t\t\t<div class=\"elementor-spacer-inner\"><\/div>\n\t\t<\/div>\n\t\t\t\t\t\t<\/div>\n\t\t\t\t<\/div>\n\t\t\t\t<div class=\"elementor-element elementor-element-dbf71b1 animated-slow elementor-invisible elementor-widget elementor-widget-houzez_elementor_section_title\" data-id=\"dbf71b1\" data-element_type=\"widget\" data-e-type=\"widget\" data-settings=\"{&quot;_animation&quot;:&quot;fadeIn&quot;}\" data-widget_type=\"houzez_elementor_section_title.default\">\n\t\t\t\t<div class=\"elementor-widget-container\">\n\t\t\t\t\t            <div class=\"houzez_section_title_wrap section-title-module\">\n                                    <h2 class=\"houzez_section_title\">Verbundene Makler von LS Courtage<\/h2>\n                \n                            <\/div>\n            \t\t\t\t<\/div>\n\t\t\t\t<\/div>\n\t\t\t\t\t<\/div>\n\t\t<\/div>\n\t\t\t\t\t<\/div>\n\t\t<\/section>\n\t\t\t\t<section class=\"elementor-section elementor-top-section elementor-element elementor-element-8201f4e elementor-section-boxed elementor-section-height-default elementor-section-height-default\" data-id=\"8201f4e\" data-element_type=\"section\" data-e-type=\"section\" data-settings=\"{&quot;background_background&quot;:&quot;classic&quot;}\">\n\t\t\t\t\t\t<div class=\"elementor-container elementor-column-gap-default\">\n\t\t\t\t\t<div class=\"elementor-column elementor-col-50 elementor-top-column elementor-element elementor-element-f7dded1\" data-id=\"f7dded1\" data-element_type=\"column\" data-e-type=\"column\">\n\t\t\t<div class=\"elementor-widget-wrap elementor-element-populated\">\n\t\t\t\t\t\t<div class=\"elementor-element elementor-element-4aa4115 elementor-widget elementor-widget-houzez_elementor_team_member\" data-id=\"4aa4115\" data-element_type=\"widget\" data-e-type=\"widget\" data-widget_type=\"houzez_elementor_team_member.default\">\n\t\t\t\t<div class=\"elementor-widget-container\">\n\t\t\t\t\t\n            <div class=\"team-module hover-effect text-center\">\n\n                                \n                <img fetchpriority=\"high\" decoding=\"async\" width=\"853\" height=\"1280\" src=\"https:\/\/lscourtage.ch\/wp-content\/uploads\/sites\/6\/2026\/02\/Portrait-professionnel-Nico.jpeg\" class=\"img-fluid\" alt=\"\" \/>\n                <!-- Team Content Before Hover -->\n                <div class=\"team-content-wrap team-content-wrap-before top-0 start-0 w-100 h-100\">\n                    <div class=\"team-content bottom-0 start-0 w-100 p-4\">\n                        <div class=\"team-name\">\n                            <strong>Nicolas Ghisolfi<\/strong>\n                        <\/div><!-- team-name -->\n                        <div class=\"team-title\">\n                                                    <\/div><!-- team-title -->\n                    <\/div><!-- team-content -->\n                <\/div><!-- team-content-wrap -->\n\n                <!-- Team Content After Hover -->\n                <div class=\"team-content-wrap team-content-wrap-after top-0 start-0 w-100 h-100\">\n                    <div class=\"team-content bottom-0 start-0 w-100 p-4\">\n                        <div class=\"team-name\">\n                            <strong>Nicolas Ghisolfi<\/strong>\n                        <\/div><!-- team-name -->\n                        <div class=\"team-title\">\n                                                    <\/div><!-- team-title -->\n                        <div class=\"team-description my-3\">\n                            <p><strong>Mobile: <\/strong><a class=\"agent-phone \" href=\"tel:+41799546993\">+41 79 954 69 93<\/a><br><strong>Email: <\/strong><a href=\"mailto:n.ghisolfi@lscourtage.ch\">n.ghisolfi@lscourtage.ch<\/a><\/p><p><strong>Sprache(n):<\/strong> Franz\u00f6sisch, Englisch<\/p>                        <\/div><!-- team-description -->\n\n                                                    <div class=\"team-social-wrap\">\n                                <ul class=\"team-social list-unstyled list-inline p-0 m-0\">\n                                    <li class=\"list-inline-item\">\n                        <a target=\"_self\" href=\"https:\/\/www.instagram.com\/ls_courtage\/\" class=\"btn-linkedin\">\n                            <i class=\"houzez-icon icon-professional-network-linkedin\"><\/i>\n                        <\/a>\n                    <\/li>                                <\/ul>\n                            <\/div><!-- team-social-wrap -->    \n                            \n                    <\/div><!-- team-content -->\n                <\/div><!-- team-content-wrap -->\n\n            <\/div><!-- team-module -->\n\n            \t\t\t\t<\/div>\n\t\t\t\t<\/div>\n\t\t\t\t\t<\/div>\n\t\t<\/div>\n\t\t\t\t<div class=\"elementor-column elementor-col-50 elementor-top-column elementor-element elementor-element-4a698d6\" data-id=\"4a698d6\" data-element_type=\"column\" data-e-type=\"column\">\n\t\t\t<div class=\"elementor-widget-wrap elementor-element-populated\">\n\t\t\t\t\t\t<div class=\"elementor-element elementor-element-734fdc8 elementor-widget elementor-widget-text-editor\" data-id=\"734fdc8\" data-element_type=\"widget\" data-e-type=\"widget\" data-widget_type=\"text-editor.default\">\n\t\t\t\t<div class=\"elementor-widget-container\">\n\t\t\t\t\t\t\t\t\t<h2>Nicolas Ghisolfi<\/h2><p>Verbundener Makler f\u00fcr Immobilien<\/p><p>Mit 20 Jahren Erfahrung in der Immobilienvermittlung kombiniere ich Fachwissen und menschliche N\u00e4he, um meine Kunden bei ihrem Immobilienprojekt zu begleiten. Dank meiner umfassenden Marktkenntnis und meines aufmerksamen Zuh\u00f6rens kann ich jede Familie auf der Suche nach ihrem &#8220;sch\u00f6nen Nest&#8221; mit ma\u00dfgeschneiderten L\u00f6sungen begleiten.<\/p><p>Von der ersten Kontaktaufnahme \u00fcber die Schl\u00fcssel\u00fcbergabe bis hin zur Renovierung Ihrer Immobilie biete ich eine umfassende Betreuung mit modernen Methoden und aktuellen Verkaufstools, um eine reibungslose und effiziente Erfahrung zu gew\u00e4hrleisten.<\/p><p>Die Zufriedenheitsrate meiner Kunden zeugt von meinem Engagement und meiner Professionalit\u00e4t und macht mich zu einem vertrauensw\u00fcrdigen Partner f\u00fcr Ihr Immobilienprojekt.<\/p><p><strong>Mobile: <\/strong><a class=\"agent-phone \" href=\"tel:+41799546993\">+41 79 954 69 93<\/a><br><strong>Email: <\/strong><a href=\"mailto:n.ghisolfi@lscourtage.ch\">n.ghisolfi@lscourtage.ch<\/a><\/p><p><strong>Sprache(n):<\/strong> Franz\u00f6sisch, Englisch<\/p>\t\t\t\t\t\t\t\t<\/div>\n\t\t\t\t<\/div>\n\t\t\t\t\t<\/div>\n\t\t<\/div>\n\t\t\t\t\t<\/div>\n\t\t<\/section>\n\t\t\t\t<section class=\"elementor-section elementor-top-section elementor-element elementor-element-e85c269 elementor-section-boxed elementor-section-height-default elementor-section-height-default\" data-id=\"e85c269\" data-element_type=\"section\" data-e-type=\"section\" data-settings=\"{&quot;background_background&quot;:&quot;classic&quot;}\">\n\t\t\t\t\t\t<div class=\"elementor-container elementor-column-gap-default\">\n\t\t\t\t\t<div class=\"elementor-column elementor-col-50 elementor-top-column elementor-element elementor-element-aca9eba\" data-id=\"aca9eba\" data-element_type=\"column\" data-e-type=\"column\">\n\t\t\t<div class=\"elementor-widget-wrap elementor-element-populated\">\n\t\t\t\t\t\t<div class=\"elementor-element elementor-element-fe933c5 elementor-widget elementor-widget-houzez_elementor_team_member\" data-id=\"fe933c5\" data-element_type=\"widget\" data-e-type=\"widget\" data-widget_type=\"houzez_elementor_team_member.default\">\n\t\t\t\t<div class=\"elementor-widget-container\">\n\t\t\t\t\t\n            <div class=\"team-module hover-effect text-center\">\n\n                                \n                <img decoding=\"async\" width=\"853\" height=\"1280\" src=\"https:\/\/lscourtage.ch\/wp-content\/uploads\/sites\/6\/2026\/02\/Portrait-d_homme-souriant-en-tenue-elegante.jpeg\" class=\"img-fluid\" alt=\"\" \/>\n                <!-- Team Content Before Hover -->\n                <div class=\"team-content-wrap team-content-wrap-before top-0 start-0 w-100 h-100\">\n                    <div class=\"team-content bottom-0 start-0 w-100 p-4\">\n                        <div class=\"team-name\">\n                            <strong>Louis Schmidt<\/strong>\n                        <\/div><!-- team-name -->\n                        <div class=\"team-title\">\n                                                    <\/div><!-- team-title -->\n                    <\/div><!-- team-content -->\n                <\/div><!-- team-content-wrap -->\n\n                <!-- Team Content After Hover -->\n                <div class=\"team-content-wrap team-content-wrap-after top-0 start-0 w-100 h-100\">\n                    <div class=\"team-content bottom-0 start-0 w-100 p-4\">\n                        <div class=\"team-name\">\n                            <strong>Louis Schmidt<\/strong>\n                        <\/div><!-- team-name -->\n                        <div class=\"team-title\">\n                                                    <\/div><!-- team-title -->\n                        <div class=\"team-description my-3\">\n                            <p><strong>Mobil: <\/strong><a class=\"agent-phone \" href=\"tel:+41794606524\">+41 79 460 65 24<\/a><strong><br>Email: <\/strong><a href=\"mailto:l.schmidt@lscourtage.ch\">l.schmidt@lscourtage.ch<\/a><\/p><p><strong>Sprache(n):<\/strong> Franz\u00f6sisch, Spanisch<\/p>                        <\/div><!-- team-description -->\n\n                                                    <div class=\"team-social-wrap\">\n                                <ul class=\"team-social list-unstyled list-inline p-0 m-0\">\n                                    <li class=\"list-inline-item\">\n                        <a target=\"\" href=\"https:\/\/www.instagram.com\/ls_courtage\/\" class=\"btn-linkedin\">\n                            <i class=\"houzez-icon icon-professional-network-linkedin\"><\/i>\n                        <\/a>\n                    <\/li>                                <\/ul>\n                            <\/div><!-- team-social-wrap -->    \n                            \n                    <\/div><!-- team-content -->\n                <\/div><!-- team-content-wrap -->\n\n            <\/div><!-- team-module -->\n\n            \t\t\t\t<\/div>\n\t\t\t\t<\/div>\n\t\t\t\t\t<\/div>\n\t\t<\/div>\n\t\t\t\t<div class=\"elementor-column elementor-col-50 elementor-top-column elementor-element elementor-element-b13af86\" data-id=\"b13af86\" data-element_type=\"column\" data-e-type=\"column\">\n\t\t\t<div class=\"elementor-widget-wrap elementor-element-populated\">\n\t\t\t\t\t\t<div class=\"elementor-element elementor-element-20a876d elementor-widget elementor-widget-text-editor\" data-id=\"20a876d\" data-element_type=\"widget\" data-e-type=\"widget\" data-widget_type=\"text-editor.default\">\n\t\t\t\t<div class=\"elementor-widget-container\">\n\t\t\t\t\t\t\t\t\t<h2>Louis Schmidt<\/h2><p>Ich bin seit 2006 als Immobilienmakler in der Westschweiz t\u00e4tig und lege besonderen Wert auf die Ernsthaftigkeit und das Engagement, das ich bei jeder Transaktion an den Tag lege.<\/p><p>Meine Erfahrung und mein respektvoller, professioneller Ansatz begleiten die Eigent\u00fcmer bei ihren Verkaufsvorhaben.<\/p><p>Meine abwechslungsreiche Laufbahn hat mir eine breite technische und kaufm\u00e4nnische Erfahrung im Bauwesen erm\u00f6glicht. Mit \u00fcber 200 erfolgreichen Transaktionen, trotz der Marktschwankungen und der Herausforderungen, die mit komplexen Situationen wie Erbschaften oder Trennungen einhergehen, genie\u00dfe ich eine hohe Kundenzufriedenheit. <\/p><p><strong>Mobil: <\/strong><a class=\"agent-phone \" href=\"tel:+41794606524\">+41 79 460 65 24<\/a><strong><br>Email: <\/strong><a href=\"mailto:l.schmidt@lscourtage.ch\">l.schmidt@lscourtage.ch<\/a><\/p><p><strong>Sprache(n):<\/strong> Franz\u00f6sisch, Spanisch<\/p>\t\t\t\t\t\t\t\t<\/div>\n\t\t\t\t<\/div>\n\t\t\t\t\t<\/div>\n\t\t<\/div>\n\t\t\t\t\t<\/div>\n\t\t<\/section>\n\t\t\t\t<section class=\"elementor-section elementor-top-section elementor-element elementor-element-3a732a3 elementor-section-boxed elementor-section-height-default elementor-section-height-default\" data-id=\"3a732a3\" data-element_type=\"section\" data-e-type=\"section\" data-settings=\"{&quot;background_background&quot;:&quot;classic&quot;}\">\n\t\t\t\t\t\t<div class=\"elementor-container elementor-column-gap-default\">\n\t\t\t\t\t<div class=\"elementor-column elementor-col-100 elementor-top-column elementor-element elementor-element-cf73668\" data-id=\"cf73668\" data-element_type=\"column\" data-e-type=\"column\">\n\t\t\t<div class=\"elementor-widget-wrap elementor-element-populated\">\n\t\t\t\t\t\t<div class=\"elementor-element elementor-element-dd7e661 elementor-widget elementor-widget-houzez_elementor_space\" data-id=\"dd7e661\" data-element_type=\"widget\" data-e-type=\"widget\" data-widget_type=\"houzez_elementor_space.default\">\n\t\t\t\t<div class=\"elementor-widget-container\">\n\t\t\t\t\t        <div class=\"houzez-spacer\">\n            <div class=\"houzez-spacer-inner\"><\/div>\n        <\/div>\n        \t\t\t\t<\/div>\n\t\t\t\t<\/div>\n\t\t\t\t\t<\/div>\n\t\t<\/div>\n\t\t\t\t\t<\/div>\n\t\t<\/section>\n\t\t\t\t<\/div>\n\t\t","protected":false},"excerpt":{"rendered":"<p>Team Verbundene Makler von LS Courtage Nicolas Ghisolfi Nicolas Ghisolfi Mobile: +41 79 954 69 93Email: n.ghisolfi@lscourtage.ch Sprache(n): Franz\u00f6sisch, Englisch Nicolas Ghisolfi Verbundener Makler f\u00fcr Immobilien Mit 20 Jahren Erfahrung in der Immobilienvermittlung kombiniere ich Fachwissen und menschliche N\u00e4he, um meine Kunden bei ihrem Immobilienprojekt zu begleiten. Dank meiner umfassenden Marktkenntnis und meines aufmerksamen Zuh\u00f6rens [&hellip;]<\/p>\n","protected":false},"author":1,"featured_media":0,"parent":0,"menu_order":0,"comment_status":"closed","ping_status":"closed","template":"elementor_header_footer","meta":{"footnotes":""},"class_list":["post-22124","page","type-page","status-publish","hentry"],"yoast_head":"<!-- This site is optimized with the Yoast SEO plugin v27.4 - https:\/\/yoast.com\/product\/yoast-seo-wordpress\/ -->\n<title>Team - LS Courtage<\/title>\n<meta name=\"description\" content=\"Assoziierte Makler von LS Courtage. Nicolas Ghisolfi, assoziierter Immobilienmakler. Louis Schmidt, aktiver Immobilienmakler in der franz\u00f6sischen Schweiz.\" \/>\n<meta name=\"robots\" content=\"index, follow, max-snippet:-1, max-image-preview:large, max-video-preview:-1\" \/>\n<link rel=\"canonical\" href=\"https:\/\/lscourtage.ch\/de\/team\/\" \/>\n<meta property=\"og:locale\" content=\"de_DE\" \/>\n<meta property=\"og:type\" content=\"article\" \/>\n<meta property=\"og:title\" content=\"Team - LS Courtage\" \/>\n<meta property=\"og:description\" content=\"Assoziierte Makler von LS Courtage. Nicolas Ghisolfi, assoziierter Immobilienmakler. Louis Schmidt, aktiver Immobilienmakler in der franz\u00f6sischen Schweiz.\" \/>\n<meta property=\"og:url\" content=\"https:\/\/lscourtage.ch\/de\/team\/\" \/>\n<meta property=\"og:site_name\" content=\"LS Courtage\" \/>\n<meta property=\"article:modified_time\" content=\"2026-02-11T23:14:38+00:00\" \/>\n<meta property=\"og:image\" content=\"https:\/\/lscourtage.ch\/wp-content\/uploads\/sites\/6\/2026\/02\/Portrait-professionnel-Nico.jpeg\" \/>\n<meta name=\"twitter:card\" content=\"summary_large_image\" \/>\n<meta name=\"twitter:label1\" content=\"Gesch\u00e4tzte Lesezeit\" \/>\n\t<meta name=\"twitter:data1\" content=\"1\u00a0Minute\" \/>\n<script type=\"application\/ld+json\" class=\"yoast-schema-graph\">{\"@context\":\"https:\\\/\\\/schema.org\",\"@graph\":[{\"@type\":\"WebPage\",\"@id\":\"https:\\\/\\\/lscourtage.ch\\\/de\\\/team\\\/\",\"url\":\"https:\\\/\\\/lscourtage.ch\\\/de\\\/team\\\/\",\"name\":\"Team - LS Courtage\",\"isPartOf\":{\"@id\":\"https:\\\/\\\/lscourtage.ch\\\/de\\\/#website\"},\"primaryImageOfPage\":{\"@id\":\"https:\\\/\\\/lscourtage.ch\\\/de\\\/team\\\/#primaryimage\"},\"image\":{\"@id\":\"https:\\\/\\\/lscourtage.ch\\\/de\\\/team\\\/#primaryimage\"},\"thumbnailUrl\":\"https:\\\/\\\/lscourtage.ch\\\/wp-content\\\/uploads\\\/sites\\\/6\\\/2026\\\/02\\\/Portrait-professionnel-Nico.jpeg\",\"datePublished\":\"2020-02-18T10:55:45+00:00\",\"dateModified\":\"2026-02-11T23:14:38+00:00\",\"description\":\"Assoziierte Makler von LS Courtage. Nicolas Ghisolfi, assoziierter Immobilienmakler. Louis Schmidt, aktiver Immobilienmakler in der franz\u00f6sischen Schweiz.\",\"breadcrumb\":{\"@id\":\"https:\\\/\\\/lscourtage.ch\\\/de\\\/team\\\/#breadcrumb\"},\"inLanguage\":\"de\",\"potentialAction\":[{\"@type\":\"ReadAction\",\"target\":[\"https:\\\/\\\/lscourtage.ch\\\/de\\\/team\\\/\"]}]},{\"@type\":\"ImageObject\",\"inLanguage\":\"de\",\"@id\":\"https:\\\/\\\/lscourtage.ch\\\/de\\\/team\\\/#primaryimage\",\"url\":\"https:\\\/\\\/lscourtage.ch\\\/wp-content\\\/uploads\\\/sites\\\/6\\\/2026\\\/02\\\/Portrait-professionnel-Nico.jpeg\",\"contentUrl\":\"https:\\\/\\\/lscourtage.ch\\\/wp-content\\\/uploads\\\/sites\\\/6\\\/2026\\\/02\\\/Portrait-professionnel-Nico.jpeg\"},{\"@type\":\"BreadcrumbList\",\"@id\":\"https:\\\/\\\/lscourtage.ch\\\/de\\\/team\\\/#breadcrumb\",\"itemListElement\":[{\"@type\":\"ListItem\",\"position\":1,\"name\":\"Willkommen\",\"item\":\"https:\\\/\\\/lscourtage.ch\\\/de\\\/\"},{\"@type\":\"ListItem\",\"position\":2,\"name\":\"Team\"}]},{\"@type\":\"WebSite\",\"@id\":\"https:\\\/\\\/lscourtage.ch\\\/de\\\/#website\",\"url\":\"https:\\\/\\\/lscourtage.ch\\\/de\\\/\",\"name\":\"LS Courtage\",\"description\":\"\",\"publisher\":{\"@id\":\"https:\\\/\\\/lscourtage.ch\\\/de\\\/#organization\"},\"potentialAction\":[{\"@type\":\"SearchAction\",\"target\":{\"@type\":\"EntryPoint\",\"urlTemplate\":\"https:\\\/\\\/lscourtage.ch\\\/de\\\/?s={search_term_string}\"},\"query-input\":{\"@type\":\"PropertyValueSpecification\",\"valueRequired\":true,\"valueName\":\"search_term_string\"}}],\"inLanguage\":\"de\"},{\"@type\":\"Organization\",\"@id\":\"https:\\\/\\\/lscourtage.ch\\\/de\\\/#organization\",\"name\":\"LS Courtage\",\"url\":\"https:\\\/\\\/lscourtage.ch\\\/de\\\/\",\"logo\":{\"@type\":\"ImageObject\",\"inLanguage\":\"de\",\"@id\":\"https:\\\/\\\/lscourtage.ch\\\/de\\\/#\\\/schema\\\/logo\\\/image\\\/\",\"url\":\"https:\\\/\\\/lscourtage.ch\\\/wp-content\\\/uploads\\\/sites\\\/6\\\/2025\\\/04\\\/logo_LSC.png\",\"contentUrl\":\"https:\\\/\\\/lscourtage.ch\\\/wp-content\\\/uploads\\\/sites\\\/6\\\/2025\\\/04\\\/logo_LSC.png\",\"width\":400,\"height\":163,\"caption\":\"LS Courtage\"},\"image\":{\"@id\":\"https:\\\/\\\/lscourtage.ch\\\/de\\\/#\\\/schema\\\/logo\\\/image\\\/\"}}]}<\/script>\n<!-- \/ Yoast SEO plugin. -->","yoast_head_json":{"title":"Team - LS Courtage","description":"Assoziierte Makler von LS Courtage. Nicolas Ghisolfi, assoziierter Immobilienmakler. Louis Schmidt, aktiver Immobilienmakler in der franz\u00f6sischen Schweiz.","robots":{"index":"index","follow":"follow","max-snippet":"max-snippet:-1","max-image-preview":"max-image-preview:large","max-video-preview":"max-video-preview:-1"},"canonical":"https:\/\/lscourtage.ch\/de\/team\/","og_locale":"de_DE","og_type":"article","og_title":"Team - LS Courtage","og_description":"Assoziierte Makler von LS Courtage. Nicolas Ghisolfi, assoziierter Immobilienmakler. Louis Schmidt, aktiver Immobilienmakler in der franz\u00f6sischen Schweiz.","og_url":"https:\/\/lscourtage.ch\/de\/team\/","og_site_name":"LS Courtage","article_modified_time":"2026-02-11T23:14:38+00:00","og_image":[{"url":"https:\/\/lscourtage.ch\/wp-content\/uploads\/sites\/6\/2026\/02\/Portrait-professionnel-Nico.jpeg","type":"","width":"","height":""}],"twitter_card":"summary_large_image","twitter_misc":{"Gesch\u00e4tzte Lesezeit":"1\u00a0Minute"},"schema":{"@context":"https:\/\/schema.org","@graph":[{"@type":"WebPage","@id":"https:\/\/lscourtage.ch\/de\/team\/","url":"https:\/\/lscourtage.ch\/de\/team\/","name":"Team - LS Courtage","isPartOf":{"@id":"https:\/\/lscourtage.ch\/de\/#website"},"primaryImageOfPage":{"@id":"https:\/\/lscourtage.ch\/de\/team\/#primaryimage"},"image":{"@id":"https:\/\/lscourtage.ch\/de\/team\/#primaryimage"},"thumbnailUrl":"https:\/\/lscourtage.ch\/wp-content\/uploads\/sites\/6\/2026\/02\/Portrait-professionnel-Nico.jpeg","datePublished":"2020-02-18T10:55:45+00:00","dateModified":"2026-02-11T23:14:38+00:00","description":"Assoziierte Makler von LS Courtage. Nicolas Ghisolfi, assoziierter Immobilienmakler. Louis Schmidt, aktiver Immobilienmakler in der franz\u00f6sischen Schweiz.","breadcrumb":{"@id":"https:\/\/lscourtage.ch\/de\/team\/#breadcrumb"},"inLanguage":"de","potentialAction":[{"@type":"ReadAction","target":["https:\/\/lscourtage.ch\/de\/team\/"]}]},{"@type":"ImageObject","inLanguage":"de","@id":"https:\/\/lscourtage.ch\/de\/team\/#primaryimage","url":"https:\/\/lscourtage.ch\/wp-content\/uploads\/sites\/6\/2026\/02\/Portrait-professionnel-Nico.jpeg","contentUrl":"https:\/\/lscourtage.ch\/wp-content\/uploads\/sites\/6\/2026\/02\/Portrait-professionnel-Nico.jpeg"},{"@type":"BreadcrumbList","@id":"https:\/\/lscourtage.ch\/de\/team\/#breadcrumb","itemListElement":[{"@type":"ListItem","position":1,"name":"Willkommen","item":"https:\/\/lscourtage.ch\/de\/"},{"@type":"ListItem","position":2,"name":"Team"}]},{"@type":"WebSite","@id":"https:\/\/lscourtage.ch\/de\/#website","url":"https:\/\/lscourtage.ch\/de\/","name":"LS Courtage","description":"","publisher":{"@id":"https:\/\/lscourtage.ch\/de\/#organization"},"potentialAction":[{"@type":"SearchAction","target":{"@type":"EntryPoint","urlTemplate":"https:\/\/lscourtage.ch\/de\/?s={search_term_string}"},"query-input":{"@type":"PropertyValueSpecification","valueRequired":true,"valueName":"search_term_string"}}],"inLanguage":"de"},{"@type":"Organization","@id":"https:\/\/lscourtage.ch\/de\/#organization","name":"LS Courtage","url":"https:\/\/lscourtage.ch\/de\/","logo":{"@type":"ImageObject","inLanguage":"de","@id":"https:\/\/lscourtage.ch\/de\/#\/schema\/logo\/image\/","url":"https:\/\/lscourtage.ch\/wp-content\/uploads\/sites\/6\/2025\/04\/logo_LSC.png","contentUrl":"https:\/\/lscourtage.ch\/wp-content\/uploads\/sites\/6\/2025\/04\/logo_LSC.png","width":400,"height":163,"caption":"LS Courtage"},"image":{"@id":"https:\/\/lscourtage.ch\/de\/#\/schema\/logo\/image\/"}}]}},"_links":{"self":[{"href":"https:\/\/lscourtage.ch\/de\/wp-json\/wp\/v2\/pages\/22124","targetHints":{"allow":["GET"]}}],"collection":[{"href":"https:\/\/lscourtage.ch\/de\/wp-json\/wp\/v2\/pages"}],"about":[{"href":"https:\/\/lscourtage.ch\/de\/wp-json\/wp\/v2\/types\/page"}],"author":[{"embeddable":true,"href":"https:\/\/lscourtage.ch\/de\/wp-json\/wp\/v2\/users\/1"}],"replies":[{"embeddable":true,"href":"https:\/\/lscourtage.ch\/de\/wp-json\/wp\/v2\/comments?post=22124"}],"version-history":[{"count":4,"href":"https:\/\/lscourtage.ch\/de\/wp-json\/wp\/v2\/pages\/22124\/revisions"}],"predecessor-version":[{"id":25206,"href":"https:\/\/lscourtage.ch\/de\/wp-json\/wp\/v2\/pages\/22124\/revisions\/25206"}],"wp:attachment":[{"href":"https:\/\/lscourtage.ch\/de\/wp-json\/wp\/v2\/media?parent=22124"}],"curies":[{"name":"wp","href":"https:\/\/api.w.org\/{rel}","templated":true}]}}