{"id":22138,"date":"2025-04-09T21:25:27","date_gmt":"2025-04-09T19:25:27","guid":{"rendered":"https:\/\/cherryandreal.ch\/lscourtage\/verkaeufe-aus-plaenen\/"},"modified":"2025-11-01T21:38:02","modified_gmt":"2025-11-01T20:38:02","slug":"verkaeufe-aus-plaenen","status":"publish","type":"page","link":"https:\/\/lscourtage.ch\/de\/verkaeufe-aus-plaenen\/","title":{"rendered":"Verk\u00e4ufe aus Pl\u00e4nen"},"content":{"rendered":"\t\t<div data-elementor-type=\"wp-page\" data-elementor-id=\"22138\" class=\"elementor elementor-22138 elementor-20420\" data-elementor-post-type=\"page\">\n\t\t\t\t\t\t<section class=\"elementor-section elementor-top-section elementor-element elementor-element-5b81e21 elementor-section-height-min-height animated-slow elementor-section-boxed elementor-section-height-default elementor-section-items-middle elementor-invisible\" data-id=\"5b81e21\" data-element_type=\"section\" data-e-type=\"section\" data-settings=\"{&quot;background_background&quot;:&quot;classic&quot;,&quot;animation&quot;:&quot;fadeIn&quot;}\">\n\t\t\t\t\t\t\t<div class=\"elementor-background-overlay\"><\/div>\n\t\t\t\t\t\t\t<div class=\"elementor-container elementor-column-gap-default\">\n\t\t\t\t\t<div class=\"elementor-column elementor-col-100 elementor-top-column elementor-element elementor-element-ad367f8\" data-id=\"ad367f8\" data-element_type=\"column\" data-e-type=\"column\">\n\t\t\t<div class=\"elementor-widget-wrap elementor-element-populated\">\n\t\t\t\t\t\t<div class=\"elementor-element elementor-element-0e7939f elementor-widget elementor-widget-heading\" data-id=\"0e7939f\" data-element_type=\"widget\" data-e-type=\"widget\" data-widget_type=\"heading.default\">\n\t\t\t\t<div class=\"elementor-widget-container\">\n\t\t\t\t\t<h1 class=\"elementor-heading-title elementor-size-default\">Verkauf nach Plan<\/h1>\t\t\t\t<\/div>\n\t\t\t\t<\/div>\n\t\t\t\t\t<\/div>\n\t\t<\/div>\n\t\t\t\t\t<\/div>\n\t\t<\/section>\n\t\t\t\t<section class=\"elementor-section elementor-top-section elementor-element elementor-element-09038dc elementor-section-boxed elementor-section-height-default elementor-section-height-default\" data-id=\"09038dc\" data-element_type=\"section\" data-e-type=\"section\" data-settings=\"{&quot;background_background&quot;:&quot;classic&quot;}\">\n\t\t\t\t\t\t<div class=\"elementor-container elementor-column-gap-default\">\n\t\t\t\t\t<div class=\"elementor-column elementor-col-100 elementor-top-column elementor-element elementor-element-c8278ac\" data-id=\"c8278ac\" data-element_type=\"column\" data-e-type=\"column\">\n\t\t\t<div class=\"elementor-widget-wrap elementor-element-populated\">\n\t\t\t\t\t\t<div class=\"elementor-element elementor-element-3271868 elementor-widget elementor-widget-spacer\" data-id=\"3271868\" data-element_type=\"widget\" data-e-type=\"widget\" data-widget_type=\"spacer.default\">\n\t\t\t\t<div class=\"elementor-widget-container\">\n\t\t\t\t\t\t\t<div class=\"elementor-spacer\">\n\t\t\t<div class=\"elementor-spacer-inner\"><\/div>\n\t\t<\/div>\n\t\t\t\t\t\t<\/div>\n\t\t\t\t<\/div>\n\t\t\t\t<div class=\"elementor-element elementor-element-e7372b6 animated-slow elementor-invisible elementor-widget elementor-widget-houzez_elementor_section_title\" data-id=\"e7372b6\" data-element_type=\"widget\" data-e-type=\"widget\" data-settings=\"{&quot;_animation&quot;:&quot;fadeIn&quot;}\" data-widget_type=\"houzez_elementor_section_title.default\">\n\t\t\t\t<div class=\"elementor-widget-container\">\n\t\t\t\t\t            <div class=\"houzez_section_title_wrap section-title-module\">\n                                    <h2 class=\"houzez_section_title\">Bauunternehmer, Bautr\u00e4ger, Architekten<br>LS Courtage Ihr Partner f\u00fcr das Bauwesen  <\/h2>\n                \n                            <\/div>\n            \t\t\t\t<\/div>\n\t\t\t\t<\/div>\n\t\t\t\t<section class=\"elementor-section elementor-inner-section elementor-element elementor-element-e676e3d elementor-section-full_width elementor-section-height-default elementor-section-height-default\" data-id=\"e676e3d\" data-element_type=\"section\" data-e-type=\"section\">\n\t\t\t\t\t\t<div class=\"elementor-container elementor-column-gap-default\">\n\t\t\t\t\t<div class=\"elementor-column elementor-col-50 elementor-inner-column elementor-element elementor-element-49b66fa\" data-id=\"49b66fa\" data-element_type=\"column\" data-e-type=\"column\">\n\t\t\t<div class=\"elementor-widget-wrap elementor-element-populated\">\n\t\t\t\t\t\t<div class=\"elementor-element elementor-element-ad6a575 elementor-widget elementor-widget-text-editor\" data-id=\"ad6a575\" data-element_type=\"widget\" data-e-type=\"widget\" data-widget_type=\"text-editor.default\">\n\t\t\t\t<div class=\"elementor-widget-container\">\n\t\t\t\t\t\t\t\t\t<p><strong>LS Courtage<\/strong> kann als Bindeglied zwischen dem Bautr\u00e4ger und dem zuk\u00fcnftigen Eigent\u00fcmer fungieren.<\/p><p>Der Kauf einer neuen Immobilie ist f\u00fcr viele ein Traum. Dies erfordert eine gr\u00fcndliche Kenntnis des Geb\u00e4udes, des Bauprozesses und der damit verbundenen administrativen und finanziellen Schritte. <\/p>\t\t\t\t\t\t\t\t<\/div>\n\t\t\t\t<\/div>\n\t\t\t\t\t<\/div>\n\t\t<\/div>\n\t\t\t\t<div class=\"elementor-column elementor-col-50 elementor-inner-column elementor-element elementor-element-6ee9a22\" data-id=\"6ee9a22\" data-element_type=\"column\" data-e-type=\"column\">\n\t\t\t<div class=\"elementor-widget-wrap elementor-element-populated\">\n\t\t\t\t\t\t<div class=\"elementor-element elementor-element-f0cd26b elementor-widget elementor-widget-text-editor\" data-id=\"f0cd26b\" data-element_type=\"widget\" data-e-type=\"widget\" data-widget_type=\"text-editor.default\">\n\t\t\t\t<div class=\"elementor-widget-container\">\n\t\t\t\t\t\t\t\t\t<p><strong>LS Courtage<\/strong> kann den Verkaufsprozess von Bautr\u00e4gern erleichtern, indem es L\u00f6sungen in Bezug auf Visualisierung, Schilder, Websites und virtuelle Besuche anbietet.<\/p><p>Die Erfahrung von LS Makler erm\u00f6glicht es ihm, das Projekt, das ihm zum Verkauf anvertraut wird, zu beherrschen, die M\u00f6glichkeiten und Optionen, die den K\u00e4ufern angeboten werden, zu verstehen und die Verbindung herzustellen, um das Ziel des Bauherrn und des K\u00e4ufers zu erreichen.<\/p>\t\t\t\t\t\t\t\t<\/div>\n\t\t\t\t<\/div>\n\t\t\t\t\t<\/div>\n\t\t<\/div>\n\t\t\t\t\t<\/div>\n\t\t<\/section>\n\t\t\t\t<div class=\"elementor-element elementor-element-dff7c40 elementor-widget elementor-widget-text-editor\" data-id=\"dff7c40\" data-element_type=\"widget\" data-e-type=\"widget\" data-widget_type=\"text-editor.default\">\n\t\t\t\t<div class=\"elementor-widget-container\">\n\t\t\t\t\t\t\t\t\t<h4>In Harmonie vom Traum zur Wirklichkeit.\n<strong>LS Courtage<\/strong> die L\u00f6sung f\u00fcr alle Ihre Projekte<\/h4>\t\t\t\t\t\t\t\t<\/div>\n\t\t\t\t<\/div>\n\t\t\t\t<div class=\"elementor-element elementor-element-89a95a6 elementor-widget elementor-widget-spacer\" data-id=\"89a95a6\" data-element_type=\"widget\" data-e-type=\"widget\" data-widget_type=\"spacer.default\">\n\t\t\t\t<div class=\"elementor-widget-container\">\n\t\t\t\t\t\t\t<div class=\"elementor-spacer\">\n\t\t\t<div class=\"elementor-spacer-inner\"><\/div>\n\t\t<\/div>\n\t\t\t\t\t\t<\/div>\n\t\t\t\t<\/div>\n\t\t\t\t\t<\/div>\n\t\t<\/div>\n\t\t\t\t\t<\/div>\n\t\t<\/section>\n\t\t\t\t<section class=\"elementor-section elementor-top-section elementor-element elementor-element-fc78338 elementor-section-boxed elementor-section-height-default elementor-section-height-default\" data-id=\"fc78338\" data-element_type=\"section\" data-e-type=\"section\" data-settings=\"{&quot;background_background&quot;:&quot;classic&quot;}\">\n\t\t\t\t\t\t<div class=\"elementor-container elementor-column-gap-default\">\n\t\t\t\t\t<div class=\"elementor-column elementor-col-100 elementor-top-column elementor-element elementor-element-50dc01c\" data-id=\"50dc01c\" data-element_type=\"column\" data-e-type=\"column\">\n\t\t\t<div class=\"elementor-widget-wrap elementor-element-populated\">\n\t\t\t\t\t\t<div class=\"elementor-element elementor-element-1f9f780 elementor-widget elementor-widget-spacer\" data-id=\"1f9f780\" data-element_type=\"widget\" data-e-type=\"widget\" data-widget_type=\"spacer.default\">\n\t\t\t\t<div class=\"elementor-widget-container\">\n\t\t\t\t\t\t\t<div class=\"elementor-spacer\">\n\t\t\t<div class=\"elementor-spacer-inner\"><\/div>\n\t\t<\/div>\n\t\t\t\t\t\t<\/div>\n\t\t\t\t<\/div>\n\t\t\t\t<div class=\"elementor-element elementor-element-65f1be3 animated-slow elementor-invisible elementor-widget elementor-widget-houzez_elementor_section_title\" data-id=\"65f1be3\" data-element_type=\"widget\" data-e-type=\"widget\" data-settings=\"{&quot;_animation&quot;:&quot;fadeIn&quot;}\" data-widget_type=\"houzez_elementor_section_title.default\">\n\t\t\t\t<div class=\"elementor-widget-container\">\n\t\t\t\t\t            <div class=\"houzez_section_title_wrap section-title-module\">\n                                    <h2 class=\"houzez_section_title\">Alle unsere Leistungen auf einen Blick<\/h2>\n                \n                            <\/div>\n            \t\t\t\t<\/div>\n\t\t\t\t<\/div>\n\t\t\t\t<section class=\"elementor-section elementor-inner-section elementor-element elementor-element-f5dcf34 elementor-section-boxed elementor-section-height-default elementor-section-height-default\" data-id=\"f5dcf34\" data-element_type=\"section\" data-e-type=\"section\">\n\t\t\t\t\t\t<div class=\"elementor-container elementor-column-gap-default\">\n\t\t\t\t\t<div class=\"elementor-column elementor-col-33 elementor-inner-column elementor-element elementor-element-b799d53\" data-id=\"b799d53\" data-element_type=\"column\" data-e-type=\"column\">\n\t\t\t<div class=\"elementor-widget-wrap elementor-element-populated\">\n\t\t\t\t\t\t<div class=\"elementor-element elementor-element-ad1d0a7 elementor-widget elementor-widget-Houzez_elementor_grid_builder\" data-id=\"ad1d0a7\" data-element_type=\"widget\" data-e-type=\"widget\" data-widget_type=\"Houzez_elementor_grid_builder.default\">\n\t\t\t\t<div class=\"elementor-widget-container\">\n\t\t\t\t\t\n        <div class=\"grid-item  grid-item-v2\" data-ratio=\"square\" style=\"background-image: url(https:\/\/cherryandreal.ch\/lscourtage\/wp-content\/uploads\/sites\/6\/2025\/05\/img-lscourtage-prestations-2.jpg)\">\n            <a class=\"grid-item-link hover-effect-flat\"  target=\"_blank\" href=\"\">\n                <div class=\"grid-item-text-wrap d-flex flex-column justify-content-between w-100 h-100\">\n                    <div class=\"d-flex flex-column\">\n                        \n                                                <div class=\"grid-item-title\">Professionelle Fotos<\/div>\n                                            <\/div>\n                    \n                                    <\/div><!-- taxonomy-text-wrap -->\n            <\/a>\n        <\/div>\n        \n        \t\t\t\t<\/div>\n\t\t\t\t<\/div>\n\t\t\t\t\t<\/div>\n\t\t<\/div>\n\t\t\t\t<div class=\"elementor-column elementor-col-33 elementor-inner-column elementor-element elementor-element-f7344f9\" data-id=\"f7344f9\" data-element_type=\"column\" data-e-type=\"column\">\n\t\t\t<div class=\"elementor-widget-wrap elementor-element-populated\">\n\t\t\t\t\t\t<div class=\"elementor-element elementor-element-d13fa3e elementor-widget elementor-widget-Houzez_elementor_grid_builder\" data-id=\"d13fa3e\" data-element_type=\"widget\" data-e-type=\"widget\" data-widget_type=\"Houzez_elementor_grid_builder.default\">\n\t\t\t\t<div class=\"elementor-widget-container\">\n\t\t\t\t\t\n        <div class=\"grid-item  grid-item-v2\" data-ratio=\"square\" style=\"background-image: url(https:\/\/cherryandreal.ch\/lscourtage\/wp-content\/uploads\/sites\/6\/2025\/04\/img-vente-sur-plans-lscourtage.jpg)\">\n            <a class=\"grid-item-link hover-effect-flat\"  target=\"_blank\" href=\"\">\n                <div class=\"grid-item-text-wrap d-flex flex-column justify-content-between w-100 h-100\">\n                    <div class=\"d-flex flex-column\">\n                        \n                                                <div class=\"grid-item-title\">Luftaufnahmen mit Drohnen und Video<\/div>\n                                            <\/div>\n                    \n                                    <\/div><!-- taxonomy-text-wrap -->\n            <\/a>\n        <\/div>\n        \n        \t\t\t\t<\/div>\n\t\t\t\t<\/div>\n\t\t\t\t\t<\/div>\n\t\t<\/div>\n\t\t\t\t<div class=\"elementor-column elementor-col-33 elementor-inner-column elementor-element elementor-element-29c6291\" data-id=\"29c6291\" data-element_type=\"column\" data-e-type=\"column\">\n\t\t\t<div class=\"elementor-widget-wrap elementor-element-populated\">\n\t\t\t\t\t\t<div class=\"elementor-element elementor-element-cc56302 elementor-widget elementor-widget-Houzez_elementor_grid_builder\" data-id=\"cc56302\" data-element_type=\"widget\" data-e-type=\"widget\" data-widget_type=\"Houzez_elementor_grid_builder.default\">\n\t\t\t\t<div class=\"elementor-widget-container\">\n\t\t\t\t\t\n        <div class=\"grid-item  grid-item-v2\" data-ratio=\"square\" style=\"background-image: url(https:\/\/cherryandreal.ch\/lscourtage\/wp-content\/uploads\/sites\/6\/2025\/05\/img-lscourtage-prestations-plaquette.jpg)\">\n            <a class=\"grid-item-link hover-effect-flat\"  target=\"_blank\" href=\"\">\n                <div class=\"grid-item-text-wrap d-flex flex-column justify-content-between w-100 h-100\">\n                    <div class=\"d-flex flex-column\">\n                        \n                                                <div class=\"grid-item-title\">Kommerzielle Plakette<\/div>\n                                            <\/div>\n                    \n                                    <\/div><!-- taxonomy-text-wrap -->\n            <\/a>\n        <\/div>\n        \n        \t\t\t\t<\/div>\n\t\t\t\t<\/div>\n\t\t\t\t\t<\/div>\n\t\t<\/div>\n\t\t\t\t\t<\/div>\n\t\t<\/section>\n\t\t\t\t<div class=\"elementor-element elementor-element-c60d414 elementor-align-center elementor-widget elementor-widget-button\" data-id=\"c60d414\" data-element_type=\"widget\" data-e-type=\"widget\" data-widget_type=\"button.default\">\n\t\t\t\t<div class=\"elementor-widget-container\">\n\t\t\t\t\t\t\t\t\t<div class=\"elementor-button-wrapper\">\n\t\t\t\t\t<a class=\"elementor-button elementor-button-link elementor-size-sm\" href=\"https:\/\/cherryandreal.ch\/lscourtage\/prestations\/\">\n\t\t\t\t\t\t<span class=\"elementor-button-content-wrapper\">\n\t\t\t\t\t\t\t\t\t<span class=\"elementor-button-text\">Weitere Informationen<\/span>\n\t\t\t\t\t<\/span>\n\t\t\t\t\t<\/a>\n\t\t\t\t<\/div>\n\t\t\t\t\t\t\t\t<\/div>\n\t\t\t\t<\/div>\n\t\t\t\t<div class=\"elementor-element elementor-element-f2e0774 elementor-widget elementor-widget-spacer\" data-id=\"f2e0774\" data-element_type=\"widget\" data-e-type=\"widget\" data-widget_type=\"spacer.default\">\n\t\t\t\t<div class=\"elementor-widget-container\">\n\t\t\t\t\t\t\t<div class=\"elementor-spacer\">\n\t\t\t<div class=\"elementor-spacer-inner\"><\/div>\n\t\t<\/div>\n\t\t\t\t\t\t<\/div>\n\t\t\t\t<\/div>\n\t\t\t\t\t<\/div>\n\t\t<\/div>\n\t\t\t\t\t<\/div>\n\t\t<\/section>\n\t\t\t\t<\/div>\n\t\t","protected":false},"excerpt":{"rendered":"<p>Verkauf nach Plan Bauunternehmer, Bautr\u00e4ger, ArchitektenLS Courtage Ihr Partner f\u00fcr das Bauwesen LS Courtage kann als Bindeglied zwischen dem Bautr\u00e4ger und dem zuk\u00fcnftigen Eigent\u00fcmer fungieren. Der Kauf einer neuen Immobilie ist f\u00fcr viele ein Traum. Dies erfordert eine gr\u00fcndliche Kenntnis des Geb\u00e4udes, des Bauprozesses und der damit verbundenen administrativen und finanziellen Schritte. LS Courtage kann [&hellip;]<\/p>\n","protected":false},"author":1,"featured_media":0,"parent":0,"menu_order":0,"comment_status":"closed","ping_status":"closed","template":"template\/template-homepage.php","meta":{"footnotes":""},"class_list":["post-22138","page","type-page","status-publish","hentry"],"yoast_head":"<!-- This site is optimized with the Yoast SEO plugin v27.4 - https:\/\/yoast.com\/product\/yoast-seo-wordpress\/ -->\n<title>Verk\u00e4ufe aus Pl\u00e4nen - LS Courtage<\/title>\n<meta name=\"description\" content=\"Bauunternehmer, Bautr\u00e4ger, Architekten. LS Courtage kann als Bindeglied zwischen dem Bautr\u00e4ger und dem zuk\u00fcnftigen Eigent\u00fcmer fungieren.\" \/>\n<meta name=\"robots\" content=\"index, follow, max-snippet:-1, max-image-preview:large, max-video-preview:-1\" \/>\n<link rel=\"canonical\" href=\"https:\/\/lscourtage.ch\/de\/verkaeufe-aus-plaenen\/\" \/>\n<meta property=\"og:locale\" content=\"de_DE\" \/>\n<meta property=\"og:type\" content=\"article\" \/>\n<meta property=\"og:title\" content=\"Verk\u00e4ufe aus Pl\u00e4nen - LS Courtage\" \/>\n<meta property=\"og:description\" content=\"Bauunternehmer, Bautr\u00e4ger, Architekten. LS Courtage kann als Bindeglied zwischen dem Bautr\u00e4ger und dem zuk\u00fcnftigen Eigent\u00fcmer fungieren.\" \/>\n<meta property=\"og:url\" content=\"https:\/\/lscourtage.ch\/de\/verkaeufe-aus-plaenen\/\" \/>\n<meta property=\"og:site_name\" content=\"LS Courtage\" \/>\n<meta property=\"article:modified_time\" content=\"2025-11-01T20:38:02+00:00\" \/>\n<meta name=\"twitter:card\" content=\"summary_large_image\" \/>\n<meta name=\"twitter:label1\" content=\"Gesch\u00e4tzte Lesezeit\" \/>\n\t<meta name=\"twitter:data1\" content=\"1\u00a0Minute\" \/>\n<script type=\"application\/ld+json\" class=\"yoast-schema-graph\">{\"@context\":\"https:\\\/\\\/schema.org\",\"@graph\":[{\"@type\":\"WebPage\",\"@id\":\"https:\\\/\\\/lscourtage.ch\\\/de\\\/verkaeufe-aus-plaenen\\\/\",\"url\":\"https:\\\/\\\/lscourtage.ch\\\/de\\\/verkaeufe-aus-plaenen\\\/\",\"name\":\"Verk\u00e4ufe aus Pl\u00e4nen - LS Courtage\",\"isPartOf\":{\"@id\":\"https:\\\/\\\/lscourtage.ch\\\/de\\\/#website\"},\"datePublished\":\"2025-04-09T19:25:27+00:00\",\"dateModified\":\"2025-11-01T20:38:02+00:00\",\"description\":\"Bauunternehmer, Bautr\u00e4ger, Architekten. LS Courtage kann als Bindeglied zwischen dem Bautr\u00e4ger und dem zuk\u00fcnftigen Eigent\u00fcmer fungieren.\",\"breadcrumb\":{\"@id\":\"https:\\\/\\\/lscourtage.ch\\\/de\\\/verkaeufe-aus-plaenen\\\/#breadcrumb\"},\"inLanguage\":\"de\",\"potentialAction\":[{\"@type\":\"ReadAction\",\"target\":[\"https:\\\/\\\/lscourtage.ch\\\/de\\\/verkaeufe-aus-plaenen\\\/\"]}]},{\"@type\":\"BreadcrumbList\",\"@id\":\"https:\\\/\\\/lscourtage.ch\\\/de\\\/verkaeufe-aus-plaenen\\\/#breadcrumb\",\"itemListElement\":[{\"@type\":\"ListItem\",\"position\":1,\"name\":\"Willkommen\",\"item\":\"https:\\\/\\\/lscourtage.ch\\\/de\\\/\"},{\"@type\":\"ListItem\",\"position\":2,\"name\":\"Verk\u00e4ufe aus Pl\u00e4nen\"}]},{\"@type\":\"WebSite\",\"@id\":\"https:\\\/\\\/lscourtage.ch\\\/de\\\/#website\",\"url\":\"https:\\\/\\\/lscourtage.ch\\\/de\\\/\",\"name\":\"LS Courtage\",\"description\":\"\",\"publisher\":{\"@id\":\"https:\\\/\\\/lscourtage.ch\\\/de\\\/#organization\"},\"potentialAction\":[{\"@type\":\"SearchAction\",\"target\":{\"@type\":\"EntryPoint\",\"urlTemplate\":\"https:\\\/\\\/lscourtage.ch\\\/de\\\/?s={search_term_string}\"},\"query-input\":{\"@type\":\"PropertyValueSpecification\",\"valueRequired\":true,\"valueName\":\"search_term_string\"}}],\"inLanguage\":\"de\"},{\"@type\":\"Organization\",\"@id\":\"https:\\\/\\\/lscourtage.ch\\\/de\\\/#organization\",\"name\":\"LS Courtage\",\"url\":\"https:\\\/\\\/lscourtage.ch\\\/de\\\/\",\"logo\":{\"@type\":\"ImageObject\",\"inLanguage\":\"de\",\"@id\":\"https:\\\/\\\/lscourtage.ch\\\/de\\\/#\\\/schema\\\/logo\\\/image\\\/\",\"url\":\"https:\\\/\\\/lscourtage.ch\\\/wp-content\\\/uploads\\\/sites\\\/6\\\/2025\\\/04\\\/logo_LSC.png\",\"contentUrl\":\"https:\\\/\\\/lscourtage.ch\\\/wp-content\\\/uploads\\\/sites\\\/6\\\/2025\\\/04\\\/logo_LSC.png\",\"width\":400,\"height\":163,\"caption\":\"LS Courtage\"},\"image\":{\"@id\":\"https:\\\/\\\/lscourtage.ch\\\/de\\\/#\\\/schema\\\/logo\\\/image\\\/\"}}]}<\/script>\n<!-- \/ Yoast SEO plugin. -->","yoast_head_json":{"title":"Verk\u00e4ufe aus Pl\u00e4nen - LS Courtage","description":"Bauunternehmer, Bautr\u00e4ger, Architekten. LS Courtage kann als Bindeglied zwischen dem Bautr\u00e4ger und dem zuk\u00fcnftigen Eigent\u00fcmer fungieren.","robots":{"index":"index","follow":"follow","max-snippet":"max-snippet:-1","max-image-preview":"max-image-preview:large","max-video-preview":"max-video-preview:-1"},"canonical":"https:\/\/lscourtage.ch\/de\/verkaeufe-aus-plaenen\/","og_locale":"de_DE","og_type":"article","og_title":"Verk\u00e4ufe aus Pl\u00e4nen - LS Courtage","og_description":"Bauunternehmer, Bautr\u00e4ger, Architekten. LS Courtage kann als Bindeglied zwischen dem Bautr\u00e4ger und dem zuk\u00fcnftigen Eigent\u00fcmer fungieren.","og_url":"https:\/\/lscourtage.ch\/de\/verkaeufe-aus-plaenen\/","og_site_name":"LS Courtage","article_modified_time":"2025-11-01T20:38:02+00:00","twitter_card":"summary_large_image","twitter_misc":{"Gesch\u00e4tzte Lesezeit":"1\u00a0Minute"},"schema":{"@context":"https:\/\/schema.org","@graph":[{"@type":"WebPage","@id":"https:\/\/lscourtage.ch\/de\/verkaeufe-aus-plaenen\/","url":"https:\/\/lscourtage.ch\/de\/verkaeufe-aus-plaenen\/","name":"Verk\u00e4ufe aus Pl\u00e4nen - LS Courtage","isPartOf":{"@id":"https:\/\/lscourtage.ch\/de\/#website"},"datePublished":"2025-04-09T19:25:27+00:00","dateModified":"2025-11-01T20:38:02+00:00","description":"Bauunternehmer, Bautr\u00e4ger, Architekten. LS Courtage kann als Bindeglied zwischen dem Bautr\u00e4ger und dem zuk\u00fcnftigen Eigent\u00fcmer fungieren.","breadcrumb":{"@id":"https:\/\/lscourtage.ch\/de\/verkaeufe-aus-plaenen\/#breadcrumb"},"inLanguage":"de","potentialAction":[{"@type":"ReadAction","target":["https:\/\/lscourtage.ch\/de\/verkaeufe-aus-plaenen\/"]}]},{"@type":"BreadcrumbList","@id":"https:\/\/lscourtage.ch\/de\/verkaeufe-aus-plaenen\/#breadcrumb","itemListElement":[{"@type":"ListItem","position":1,"name":"Willkommen","item":"https:\/\/lscourtage.ch\/de\/"},{"@type":"ListItem","position":2,"name":"Verk\u00e4ufe aus Pl\u00e4nen"}]},{"@type":"WebSite","@id":"https:\/\/lscourtage.ch\/de\/#website","url":"https:\/\/lscourtage.ch\/de\/","name":"LS Courtage","description":"","publisher":{"@id":"https:\/\/lscourtage.ch\/de\/#organization"},"potentialAction":[{"@type":"SearchAction","target":{"@type":"EntryPoint","urlTemplate":"https:\/\/lscourtage.ch\/de\/?s={search_term_string}"},"query-input":{"@type":"PropertyValueSpecification","valueRequired":true,"valueName":"search_term_string"}}],"inLanguage":"de"},{"@type":"Organization","@id":"https:\/\/lscourtage.ch\/de\/#organization","name":"LS Courtage","url":"https:\/\/lscourtage.ch\/de\/","logo":{"@type":"ImageObject","inLanguage":"de","@id":"https:\/\/lscourtage.ch\/de\/#\/schema\/logo\/image\/","url":"https:\/\/lscourtage.ch\/wp-content\/uploads\/sites\/6\/2025\/04\/logo_LSC.png","contentUrl":"https:\/\/lscourtage.ch\/wp-content\/uploads\/sites\/6\/2025\/04\/logo_LSC.png","width":400,"height":163,"caption":"LS Courtage"},"image":{"@id":"https:\/\/lscourtage.ch\/de\/#\/schema\/logo\/image\/"}}]}},"_links":{"self":[{"href":"https:\/\/lscourtage.ch\/de\/wp-json\/wp\/v2\/pages\/22138","targetHints":{"allow":["GET"]}}],"collection":[{"href":"https:\/\/lscourtage.ch\/de\/wp-json\/wp\/v2\/pages"}],"about":[{"href":"https:\/\/lscourtage.ch\/de\/wp-json\/wp\/v2\/types\/page"}],"author":[{"embeddable":true,"href":"https:\/\/lscourtage.ch\/de\/wp-json\/wp\/v2\/users\/1"}],"replies":[{"embeddable":true,"href":"https:\/\/lscourtage.ch\/de\/wp-json\/wp\/v2\/comments?post=22138"}],"version-history":[{"count":2,"href":"https:\/\/lscourtage.ch\/de\/wp-json\/wp\/v2\/pages\/22138\/revisions"}],"predecessor-version":[{"id":23071,"href":"https:\/\/lscourtage.ch\/de\/wp-json\/wp\/v2\/pages\/22138\/revisions\/23071"}],"wp:attachment":[{"href":"https:\/\/lscourtage.ch\/de\/wp-json\/wp\/v2\/media?parent=22138"}],"curies":[{"name":"wp","href":"https:\/\/api.w.org\/{rel}","templated":true}]}}