{"id":22159,"date":"2020-02-24T22:15:15","date_gmt":"2020-02-24T21:15:15","guid":{"rendered":"https:\/\/cherryandreal.ch\/lscourtage\/leistungen\/"},"modified":"2025-11-01T21:37:28","modified_gmt":"2025-11-01T20:37:28","slug":"leistungen","status":"publish","type":"page","link":"https:\/\/lscourtage.ch\/de\/leistungen\/","title":{"rendered":"Leistungen"},"content":{"rendered":"\t\t<div data-elementor-type=\"wp-page\" data-elementor-id=\"22159\" class=\"elementor elementor-22159 elementor-16650\" data-elementor-post-type=\"page\">\n\t\t\t\t\t\t<section class=\"elementor-section elementor-top-section elementor-element elementor-element-5b81e21 elementor-section-height-min-height animated-slow elementor-section-boxed elementor-section-height-default elementor-section-items-middle elementor-invisible\" data-id=\"5b81e21\" data-element_type=\"section\" data-e-type=\"section\" data-settings=\"{&quot;background_background&quot;:&quot;classic&quot;,&quot;animation&quot;:&quot;fadeIn&quot;}\">\n\t\t\t\t\t\t\t<div class=\"elementor-background-overlay\"><\/div>\n\t\t\t\t\t\t\t<div class=\"elementor-container elementor-column-gap-default\">\n\t\t\t\t\t<div class=\"elementor-column elementor-col-100 elementor-top-column elementor-element elementor-element-ad367f8\" data-id=\"ad367f8\" data-element_type=\"column\" data-e-type=\"column\">\n\t\t\t<div class=\"elementor-widget-wrap elementor-element-populated\">\n\t\t\t\t\t\t<div class=\"elementor-element elementor-element-0e7939f elementor-widget elementor-widget-heading\" data-id=\"0e7939f\" data-element_type=\"widget\" data-e-type=\"widget\" data-widget_type=\"heading.default\">\n\t\t\t\t<div class=\"elementor-widget-container\">\n\t\t\t\t\t<h1 class=\"elementor-heading-title elementor-size-default\">Leistungen<\/h1>\t\t\t\t<\/div>\n\t\t\t\t<\/div>\n\t\t\t\t\t<\/div>\n\t\t<\/div>\n\t\t\t\t\t<\/div>\n\t\t<\/section>\n\t\t\t\t<section class=\"elementor-section elementor-top-section elementor-element elementor-element-09038dc elementor-section-boxed elementor-section-height-default elementor-section-height-default\" data-id=\"09038dc\" data-element_type=\"section\" data-e-type=\"section\" data-settings=\"{&quot;background_background&quot;:&quot;classic&quot;}\">\n\t\t\t\t\t\t<div class=\"elementor-container elementor-column-gap-default\">\n\t\t\t\t\t<div class=\"elementor-column elementor-col-100 elementor-top-column elementor-element elementor-element-c8278ac\" data-id=\"c8278ac\" data-element_type=\"column\" data-e-type=\"column\">\n\t\t\t<div class=\"elementor-widget-wrap elementor-element-populated\">\n\t\t\t\t\t\t<div class=\"elementor-element elementor-element-3271868 elementor-widget elementor-widget-spacer\" data-id=\"3271868\" data-element_type=\"widget\" data-e-type=\"widget\" data-widget_type=\"spacer.default\">\n\t\t\t\t<div class=\"elementor-widget-container\">\n\t\t\t\t\t\t\t<div class=\"elementor-spacer\">\n\t\t\t<div class=\"elementor-spacer-inner\"><\/div>\n\t\t<\/div>\n\t\t\t\t\t\t<\/div>\n\t\t\t\t<\/div>\n\t\t\t\t<div class=\"elementor-element elementor-element-e7372b6 animated-slow elementor-invisible elementor-widget elementor-widget-houzez_elementor_section_title\" data-id=\"e7372b6\" data-element_type=\"widget\" data-e-type=\"widget\" data-settings=\"{&quot;_animation&quot;:&quot;fadeIn&quot;}\" data-widget_type=\"houzez_elementor_section_title.default\">\n\t\t\t\t<div class=\"elementor-widget-container\">\n\t\t\t\t\t            <div class=\"houzez_section_title_wrap section-title-module\">\n                                    <h2 class=\"houzez_section_title\">Unsere Dienstleistungen f\u00fcr den Erfolg Ihrer Projekte<\/h2>\n                \n                            <\/div>\n            \t\t\t\t<\/div>\n\t\t\t\t<\/div>\n\t\t\t\t<section class=\"elementor-section elementor-inner-section elementor-element elementor-element-a3d2492 elementor-section-boxed elementor-section-height-default elementor-section-height-default\" data-id=\"a3d2492\" data-element_type=\"section\" data-e-type=\"section\" data-settings=\"{&quot;background_background&quot;:&quot;classic&quot;}\">\n\t\t\t\t\t\t<div class=\"elementor-container elementor-column-gap-default\">\n\t\t\t\t\t<div class=\"elementor-column elementor-col-50 elementor-inner-column elementor-element elementor-element-a1373ca\" data-id=\"a1373ca\" data-element_type=\"column\" data-e-type=\"column\">\n\t\t\t<div class=\"elementor-widget-wrap elementor-element-populated\">\n\t\t\t\t\t\t<div class=\"elementor-element elementor-element-e4fd29d elementor-widget elementor-widget-houzez_elementor_section_title\" data-id=\"e4fd29d\" data-element_type=\"widget\" data-e-type=\"widget\" data-widget_type=\"houzez_elementor_section_title.default\">\n\t\t\t\t<div class=\"elementor-widget-container\">\n\t\t\t\t\t            <div class=\"houzez_section_title_wrap section-title-module\">\n                                    <h2 class=\"houzez_section_title\">Veredeln Sie Ihre Immobilie<\/h2>\n                \n                            <\/div>\n            \t\t\t\t<\/div>\n\t\t\t\t<\/div>\n\t\t\t\t<div class=\"elementor-element elementor-element-e7ed1b5 elementor-widget elementor-widget-text-editor\" data-id=\"e7ed1b5\" data-element_type=\"widget\" data-e-type=\"widget\" data-widget_type=\"text-editor.default\">\n\t\t\t\t<div class=\"elementor-widget-container\">\n\t\t\t\t\t\t\t\t\t<p>Ein potenzieller K\u00e4ufer bleibt nicht l\u00e4nger als 20 Sekunden auf derselben Anzeige.<br>Das ist die Zeit, die wir haben, um ihn zu \u00fcberzeugen!<br>Die Aufwertung Ihrer Immobilie durch ein professionelles Team erm\u00f6glicht es Ihnen, mehr Bewerber anzuziehen und damit die Chancen auf einen Verkauf zu erh\u00f6hen.<\/p><p><strong>Vorbereitung Ihres Objekts<br><\/strong>Home Staging, Helligkeit, Bildkomposition<\/p>\t\t\t\t\t\t\t\t<\/div>\n\t\t\t\t<\/div>\n\t\t\t\t\t<\/div>\n\t\t<\/div>\n\t\t\t\t<div class=\"elementor-column elementor-col-50 elementor-inner-column elementor-element elementor-element-9fc783b\" data-id=\"9fc783b\" data-element_type=\"column\" data-e-type=\"column\">\n\t\t\t<div class=\"elementor-widget-wrap elementor-element-populated\">\n\t\t\t\t\t\t<div class=\"elementor-element elementor-element-a92d002 elementor-widget elementor-widget-Houzez_elementor_grid_builder\" data-id=\"a92d002\" data-element_type=\"widget\" data-e-type=\"widget\" data-widget_type=\"Houzez_elementor_grid_builder.default\">\n\t\t\t\t<div class=\"elementor-widget-container\">\n\t\t\t\t\t\n        <div class=\"grid-item  grid-item-v1\" data-ratio=\"landscape\" style=\"background-image: url(https:\/\/cherryandreal.ch\/lscourtage\/wp-content\/uploads\/sites\/6\/2025\/05\/img-lscourtage-prestations-2.jpg)\">\n            <a class=\"grid-item-link hover-effect-flat\"  target=\"_blank\" href=\"\">\n                <div class=\"grid-item-text-wrap d-flex flex-column justify-content-between w-100 h-100\">\n                    <div class=\"d-flex flex-column\">\n                        \n                                                <div class=\"grid-item-title\">Professionelle Fotos<\/div>\n                                            <\/div>\n                    \n                                    <\/div><!-- taxonomy-text-wrap -->\n            <\/a>\n        <\/div>\n        \n        \t\t\t\t<\/div>\n\t\t\t\t<\/div>\n\t\t\t\t\t<\/div>\n\t\t<\/div>\n\t\t\t\t\t<\/div>\n\t\t<\/section>\n\t\t\t\t<section class=\"elementor-section elementor-inner-section elementor-element elementor-element-56e2f5d elementor-section-boxed elementor-section-height-default elementor-section-height-default\" data-id=\"56e2f5d\" data-element_type=\"section\" data-e-type=\"section\" data-settings=\"{&quot;background_background&quot;:&quot;classic&quot;}\">\n\t\t\t\t\t\t<div class=\"elementor-container elementor-column-gap-default\">\n\t\t\t\t\t<div class=\"elementor-column elementor-col-50 elementor-inner-column elementor-element elementor-element-73dbfc3\" data-id=\"73dbfc3\" data-element_type=\"column\" data-e-type=\"column\">\n\t\t\t<div class=\"elementor-widget-wrap elementor-element-populated\">\n\t\t\t\t\t\t<div class=\"elementor-element elementor-element-f8f133b elementor-widget elementor-widget-houzez_elementor_section_title\" data-id=\"f8f133b\" data-element_type=\"widget\" data-e-type=\"widget\" data-widget_type=\"houzez_elementor_section_title.default\">\n\t\t\t\t<div class=\"elementor-widget-container\">\n\t\t\t\t\t            <div class=\"houzez_section_title_wrap section-title-module\">\n                                    <h2 class=\"houzez_section_title\">Gew\u00e4hrleistung einer ausgezeichneten Sichtbarkeit<\/h2>\n                \n                            <\/div>\n            \t\t\t\t<\/div>\n\t\t\t\t<\/div>\n\t\t\t\t<div class=\"elementor-element elementor-element-7eec91e elementor-widget elementor-widget-text-editor\" data-id=\"7eec91e\" data-element_type=\"widget\" data-e-type=\"widget\" data-widget_type=\"text-editor.default\">\n\t\t\t\t<div class=\"elementor-widget-container\">\n\t\t\t\t\t\t\t\t\t<p>Diese Aufnahmen erm\u00f6glichen es, die Immobilie zu lokalisieren.<\/p><p>&#8211; Modernste Technologie<br>&#8211; Luftvideos<br>&#8211; 360\u00b0-Lokalisierungsfoto<br>&#8211; Computergeneriertes Bild<\/p>\t\t\t\t\t\t\t\t<\/div>\n\t\t\t\t<\/div>\n\t\t\t\t\t<\/div>\n\t\t<\/div>\n\t\t\t\t<div class=\"elementor-column elementor-col-50 elementor-inner-column elementor-element elementor-element-99e5503\" data-id=\"99e5503\" data-element_type=\"column\" data-e-type=\"column\">\n\t\t\t<div class=\"elementor-widget-wrap elementor-element-populated\">\n\t\t\t\t\t\t<div class=\"elementor-element elementor-element-475d3ef elementor-widget elementor-widget-Houzez_elementor_grid_builder\" data-id=\"475d3ef\" data-element_type=\"widget\" data-e-type=\"widget\" data-widget_type=\"Houzez_elementor_grid_builder.default\">\n\t\t\t\t<div class=\"elementor-widget-container\">\n\t\t\t\t\t\n        <div class=\"grid-item  grid-item-v1\" data-ratio=\"landscape\" style=\"background-image: url(https:\/\/cherryandreal.ch\/lscourtage\/wp-content\/uploads\/sites\/6\/2025\/04\/img-vente-sur-plans-lscourtage.jpg)\">\n            <a class=\"grid-item-link hover-effect-flat\"  target=\"_blank\" href=\"\">\n                <div class=\"grid-item-text-wrap d-flex flex-column justify-content-between w-100 h-100\">\n                    <div class=\"d-flex flex-column\">\n                        \n                                                <div class=\"grid-item-title\">Luftaufnahmen mit Drohnen und Video<\/div>\n                                            <\/div>\n                    \n                                    <\/div><!-- taxonomy-text-wrap -->\n            <\/a>\n        <\/div>\n        \n        \t\t\t\t<\/div>\n\t\t\t\t<\/div>\n\t\t\t\t\t<\/div>\n\t\t<\/div>\n\t\t\t\t\t<\/div>\n\t\t<\/section>\n\t\t\t\t<section class=\"elementor-section elementor-inner-section elementor-element elementor-element-573a041 elementor-section-boxed elementor-section-height-default elementor-section-height-default\" data-id=\"573a041\" data-element_type=\"section\" data-e-type=\"section\" data-settings=\"{&quot;background_background&quot;:&quot;classic&quot;}\">\n\t\t\t\t\t\t<div class=\"elementor-container elementor-column-gap-default\">\n\t\t\t\t\t<div class=\"elementor-column elementor-col-50 elementor-inner-column elementor-element elementor-element-202a92e\" data-id=\"202a92e\" data-element_type=\"column\" data-e-type=\"column\">\n\t\t\t<div class=\"elementor-widget-wrap elementor-element-populated\">\n\t\t\t\t\t\t<div class=\"elementor-element elementor-element-e8c1993 elementor-widget elementor-widget-houzez_elementor_section_title\" data-id=\"e8c1993\" data-element_type=\"widget\" data-e-type=\"widget\" data-widget_type=\"houzez_elementor_section_title.default\">\n\t\t\t\t<div class=\"elementor-widget-container\">\n\t\t\t\t\t            <div class=\"houzez_section_title_wrap section-title-module\">\n                                    <h2 class=\"houzez_section_title\">Optimale Pr\u00e4sentation Ihres Objekts<\/h2>\n                \n                            <\/div>\n            \t\t\t\t<\/div>\n\t\t\t\t<\/div>\n\t\t\t\t<div class=\"elementor-element elementor-element-0a271f8 elementor-widget elementor-widget-text-editor\" data-id=\"0a271f8\" data-element_type=\"widget\" data-e-type=\"widget\" data-widget_type=\"text-editor.default\">\n\t\t\t\t<div class=\"elementor-widget-container\">\n\t\t\t\t\t\t\t\t\t<p>Eine h\u00f6here Qualit\u00e4t der Pr\u00e4sentation erleichtert die Akquisition von K\u00e4ufern, die Aufwertung Ihrer Immobilie und den Erhalt von Finanzierungen.<\/p><p>&#8211; Personalisiertes Medium f\u00fcr die Pr\u00e4sentation von Objekten <br>&#8211; Mini-Website f\u00fcr Immobilienwerbung<br>&#8211; Plakate und Werbetafeln<\/p>\t\t\t\t\t\t\t\t<\/div>\n\t\t\t\t<\/div>\n\t\t\t\t\t<\/div>\n\t\t<\/div>\n\t\t\t\t<div class=\"elementor-column elementor-col-50 elementor-inner-column elementor-element elementor-element-acefe29\" data-id=\"acefe29\" data-element_type=\"column\" data-e-type=\"column\">\n\t\t\t<div class=\"elementor-widget-wrap elementor-element-populated\">\n\t\t\t\t\t\t<div class=\"elementor-element elementor-element-daf5a2f elementor-widget elementor-widget-Houzez_elementor_grid_builder\" data-id=\"daf5a2f\" data-element_type=\"widget\" data-e-type=\"widget\" data-widget_type=\"Houzez_elementor_grid_builder.default\">\n\t\t\t\t<div class=\"elementor-widget-container\">\n\t\t\t\t\t\n        <div class=\"grid-item  grid-item-v1\" data-ratio=\"landscape\" style=\"background-image: url(https:\/\/cherryandreal.ch\/lscourtage\/wp-content\/uploads\/sites\/6\/2025\/04\/plaquette-lscourtage.png)\">\n            <a class=\"grid-item-link hover-effect-flat\"  target=\"_blank\" href=\"\">\n                <div class=\"grid-item-text-wrap d-flex flex-column justify-content-between w-100 h-100\">\n                    <div class=\"d-flex flex-column\">\n                        \n                                                <div class=\"grid-item-title\">Kommerzielle Plakette<\/div>\n                                            <\/div>\n                    \n                                    <\/div><!-- taxonomy-text-wrap -->\n            <\/a>\n        <\/div>\n        \n        \t\t\t\t<\/div>\n\t\t\t\t<\/div>\n\t\t\t\t\t<\/div>\n\t\t<\/div>\n\t\t\t\t\t<\/div>\n\t\t<\/section>\n\t\t\t\t<div class=\"elementor-element elementor-element-89a95a6 elementor-widget elementor-widget-spacer\" data-id=\"89a95a6\" data-element_type=\"widget\" data-e-type=\"widget\" data-widget_type=\"spacer.default\">\n\t\t\t\t<div class=\"elementor-widget-container\">\n\t\t\t\t\t\t\t<div class=\"elementor-spacer\">\n\t\t\t<div class=\"elementor-spacer-inner\"><\/div>\n\t\t<\/div>\n\t\t\t\t\t\t<\/div>\n\t\t\t\t<\/div>\n\t\t\t\t\t<\/div>\n\t\t<\/div>\n\t\t\t\t\t<\/div>\n\t\t<\/section>\n\t\t\t\t<section class=\"elementor-section elementor-top-section elementor-element elementor-element-fc78338 elementor-section-boxed elementor-section-height-default elementor-section-height-default\" data-id=\"fc78338\" data-element_type=\"section\" data-e-type=\"section\" data-settings=\"{&quot;background_background&quot;:&quot;classic&quot;}\">\n\t\t\t\t\t\t<div class=\"elementor-container elementor-column-gap-default\">\n\t\t\t\t\t<div class=\"elementor-column elementor-col-100 elementor-top-column elementor-element elementor-element-50dc01c\" data-id=\"50dc01c\" data-element_type=\"column\" data-e-type=\"column\">\n\t\t\t<div class=\"elementor-widget-wrap elementor-element-populated\">\n\t\t\t\t\t\t<div class=\"elementor-element elementor-element-1f9f780 elementor-widget elementor-widget-spacer\" data-id=\"1f9f780\" data-element_type=\"widget\" data-e-type=\"widget\" data-widget_type=\"spacer.default\">\n\t\t\t\t<div class=\"elementor-widget-container\">\n\t\t\t\t\t\t\t<div class=\"elementor-spacer\">\n\t\t\t<div class=\"elementor-spacer-inner\"><\/div>\n\t\t<\/div>\n\t\t\t\t\t\t<\/div>\n\t\t\t\t<\/div>\n\t\t\t\t<section class=\"elementor-section elementor-inner-section elementor-element elementor-element-b73e5c2 elementor-section-boxed elementor-section-height-default elementor-section-height-default\" data-id=\"b73e5c2\" data-element_type=\"section\" data-e-type=\"section\">\n\t\t\t\t\t\t<div class=\"elementor-container elementor-column-gap-default\">\n\t\t\t\t\t<div class=\"elementor-column elementor-col-66 elementor-inner-column elementor-element elementor-element-4c60b97\" data-id=\"4c60b97\" data-element_type=\"column\" data-e-type=\"column\">\n\t\t\t<div class=\"elementor-widget-wrap elementor-element-populated\">\n\t\t\t\t\t\t<div class=\"elementor-element elementor-element-65f1be3 animated-slow elementor-invisible elementor-widget elementor-widget-houzez_elementor_section_title\" data-id=\"65f1be3\" data-element_type=\"widget\" data-e-type=\"widget\" data-settings=\"{&quot;_animation&quot;:&quot;fadeIn&quot;}\" data-widget_type=\"houzez_elementor_section_title.default\">\n\t\t\t\t<div class=\"elementor-widget-container\">\n\t\t\t\t\t            <div class=\"houzez_section_title_wrap section-title-module\">\n                                    <h2 class=\"houzez_section_title\">M\u00f6chten Sie Ihre Immobilie verkaufen?<\/h2>\n                \n                                    <p class=\"houzez_section_subtitle\">F\u00fcllen Sie jetzt unser Verkaufsformular aus<\/p>\n                            <\/div>\n            \t\t\t\t<\/div>\n\t\t\t\t<\/div>\n\t\t\t\t\t<\/div>\n\t\t<\/div>\n\t\t\t\t<div class=\"elementor-column elementor-col-33 elementor-inner-column elementor-element elementor-element-bb42d76\" data-id=\"bb42d76\" data-element_type=\"column\" data-e-type=\"column\">\n\t\t\t<div class=\"elementor-widget-wrap elementor-element-populated\">\n\t\t\t\t\t\t<div class=\"elementor-element elementor-element-bd939de elementor-align-center elementor-widget elementor-widget-button\" data-id=\"bd939de\" data-element_type=\"widget\" data-e-type=\"widget\" data-widget_type=\"button.default\">\n\t\t\t\t<div class=\"elementor-widget-container\">\n\t\t\t\t\t\t\t\t\t<div class=\"elementor-button-wrapper\">\n\t\t\t\t\t<a class=\"elementor-button elementor-button-link elementor-size-sm\" href=\"https:\/\/cherryandreal.ch\/lscourtage\/vendre\/\">\n\t\t\t\t\t\t<span class=\"elementor-button-content-wrapper\">\n\t\t\t\t\t\t\t\t\t<span class=\"elementor-button-text\">F\u00fcllen Sie das Verkaufsformular aus<\/span>\n\t\t\t\t\t<\/span>\n\t\t\t\t\t<\/a>\n\t\t\t\t<\/div>\n\t\t\t\t\t\t\t\t<\/div>\n\t\t\t\t<\/div>\n\t\t\t\t\t<\/div>\n\t\t<\/div>\n\t\t\t\t\t<\/div>\n\t\t<\/section>\n\t\t\t\t<div class=\"elementor-element elementor-element-f2e0774 elementor-widget elementor-widget-spacer\" data-id=\"f2e0774\" data-element_type=\"widget\" data-e-type=\"widget\" data-widget_type=\"spacer.default\">\n\t\t\t\t<div class=\"elementor-widget-container\">\n\t\t\t\t\t\t\t<div class=\"elementor-spacer\">\n\t\t\t<div class=\"elementor-spacer-inner\"><\/div>\n\t\t<\/div>\n\t\t\t\t\t\t<\/div>\n\t\t\t\t<\/div>\n\t\t\t\t\t<\/div>\n\t\t<\/div>\n\t\t\t\t\t<\/div>\n\t\t<\/section>\n\t\t\t\t<\/div>\n\t\t","protected":false},"excerpt":{"rendered":"<p>Leistungen Unsere Dienstleistungen f\u00fcr den Erfolg Ihrer Projekte Veredeln Sie Ihre Immobilie Ein potenzieller K\u00e4ufer bleibt nicht l\u00e4nger als 20 Sekunden auf derselben Anzeige.Das ist die Zeit, die wir haben, um ihn zu \u00fcberzeugen!Die Aufwertung Ihrer Immobilie durch ein professionelles Team erm\u00f6glicht es Ihnen, mehr Bewerber anzuziehen und damit die Chancen auf einen Verkauf zu [&hellip;]<\/p>\n","protected":false},"author":1,"featured_media":0,"parent":0,"menu_order":0,"comment_status":"closed","ping_status":"closed","template":"template\/template-homepage.php","meta":{"footnotes":""},"class_list":["post-22159","page","type-page","status-publish","hentry"],"yoast_head":"<!-- This site is optimized with the Yoast SEO plugin v27.4 - https:\/\/yoast.com\/product\/yoast-seo-wordpress\/ -->\n<title>Leistungen - LS Courtage<\/title>\n<meta name=\"description\" content=\"Unsere Leistungen. Unsere Dienstleistungen f\u00fcr den Erfolg Ihrer Projekte. Veredeln Sie Ihre Immobilie. Sorgen Sie f\u00fcr eine ausgezeichnete Sichtbarkeit.\" \/>\n<meta name=\"robots\" content=\"index, follow, max-snippet:-1, max-image-preview:large, max-video-preview:-1\" \/>\n<link rel=\"canonical\" href=\"https:\/\/lscourtage.ch\/de\/leistungen\/\" \/>\n<meta property=\"og:locale\" content=\"de_DE\" \/>\n<meta property=\"og:type\" content=\"article\" \/>\n<meta property=\"og:title\" content=\"Leistungen - LS Courtage\" \/>\n<meta property=\"og:description\" content=\"Unsere Leistungen. Unsere Dienstleistungen f\u00fcr den Erfolg Ihrer Projekte. Veredeln Sie Ihre Immobilie. Sorgen Sie f\u00fcr eine ausgezeichnete Sichtbarkeit.\" \/>\n<meta property=\"og:url\" content=\"https:\/\/lscourtage.ch\/de\/leistungen\/\" \/>\n<meta property=\"og:site_name\" content=\"LS Courtage\" \/>\n<meta property=\"article:modified_time\" content=\"2025-11-01T20:37:28+00:00\" \/>\n<meta name=\"twitter:card\" content=\"summary_large_image\" \/>\n<meta name=\"twitter:label1\" content=\"Gesch\u00e4tzte Lesezeit\" \/>\n\t<meta name=\"twitter:data1\" content=\"1\u00a0Minute\" \/>\n<script type=\"application\/ld+json\" class=\"yoast-schema-graph\">{\"@context\":\"https:\\\/\\\/schema.org\",\"@graph\":[{\"@type\":\"WebPage\",\"@id\":\"https:\\\/\\\/lscourtage.ch\\\/de\\\/leistungen\\\/\",\"url\":\"https:\\\/\\\/lscourtage.ch\\\/de\\\/leistungen\\\/\",\"name\":\"Leistungen - LS Courtage\",\"isPartOf\":{\"@id\":\"https:\\\/\\\/lscourtage.ch\\\/de\\\/#website\"},\"datePublished\":\"2020-02-24T21:15:15+00:00\",\"dateModified\":\"2025-11-01T20:37:28+00:00\",\"description\":\"Unsere Leistungen. Unsere Dienstleistungen f\u00fcr den Erfolg Ihrer Projekte. Veredeln Sie Ihre Immobilie. Sorgen Sie f\u00fcr eine ausgezeichnete Sichtbarkeit.\",\"breadcrumb\":{\"@id\":\"https:\\\/\\\/lscourtage.ch\\\/de\\\/leistungen\\\/#breadcrumb\"},\"inLanguage\":\"de\",\"potentialAction\":[{\"@type\":\"ReadAction\",\"target\":[\"https:\\\/\\\/lscourtage.ch\\\/de\\\/leistungen\\\/\"]}]},{\"@type\":\"BreadcrumbList\",\"@id\":\"https:\\\/\\\/lscourtage.ch\\\/de\\\/leistungen\\\/#breadcrumb\",\"itemListElement\":[{\"@type\":\"ListItem\",\"position\":1,\"name\":\"Willkommen\",\"item\":\"https:\\\/\\\/lscourtage.ch\\\/de\\\/\"},{\"@type\":\"ListItem\",\"position\":2,\"name\":\"Leistungen\"}]},{\"@type\":\"WebSite\",\"@id\":\"https:\\\/\\\/lscourtage.ch\\\/de\\\/#website\",\"url\":\"https:\\\/\\\/lscourtage.ch\\\/de\\\/\",\"name\":\"LS Courtage\",\"description\":\"\",\"publisher\":{\"@id\":\"https:\\\/\\\/lscourtage.ch\\\/de\\\/#organization\"},\"potentialAction\":[{\"@type\":\"SearchAction\",\"target\":{\"@type\":\"EntryPoint\",\"urlTemplate\":\"https:\\\/\\\/lscourtage.ch\\\/de\\\/?s={search_term_string}\"},\"query-input\":{\"@type\":\"PropertyValueSpecification\",\"valueRequired\":true,\"valueName\":\"search_term_string\"}}],\"inLanguage\":\"de\"},{\"@type\":\"Organization\",\"@id\":\"https:\\\/\\\/lscourtage.ch\\\/de\\\/#organization\",\"name\":\"LS Courtage\",\"url\":\"https:\\\/\\\/lscourtage.ch\\\/de\\\/\",\"logo\":{\"@type\":\"ImageObject\",\"inLanguage\":\"de\",\"@id\":\"https:\\\/\\\/lscourtage.ch\\\/de\\\/#\\\/schema\\\/logo\\\/image\\\/\",\"url\":\"https:\\\/\\\/lscourtage.ch\\\/wp-content\\\/uploads\\\/sites\\\/6\\\/2025\\\/04\\\/logo_LSC.png\",\"contentUrl\":\"https:\\\/\\\/lscourtage.ch\\\/wp-content\\\/uploads\\\/sites\\\/6\\\/2025\\\/04\\\/logo_LSC.png\",\"width\":400,\"height\":163,\"caption\":\"LS Courtage\"},\"image\":{\"@id\":\"https:\\\/\\\/lscourtage.ch\\\/de\\\/#\\\/schema\\\/logo\\\/image\\\/\"}}]}<\/script>\n<!-- \/ Yoast SEO plugin. -->","yoast_head_json":{"title":"Leistungen - LS Courtage","description":"Unsere Leistungen. Unsere Dienstleistungen f\u00fcr den Erfolg Ihrer Projekte. Veredeln Sie Ihre Immobilie. Sorgen Sie f\u00fcr eine ausgezeichnete Sichtbarkeit.","robots":{"index":"index","follow":"follow","max-snippet":"max-snippet:-1","max-image-preview":"max-image-preview:large","max-video-preview":"max-video-preview:-1"},"canonical":"https:\/\/lscourtage.ch\/de\/leistungen\/","og_locale":"de_DE","og_type":"article","og_title":"Leistungen - LS Courtage","og_description":"Unsere Leistungen. Unsere Dienstleistungen f\u00fcr den Erfolg Ihrer Projekte. Veredeln Sie Ihre Immobilie. Sorgen Sie f\u00fcr eine ausgezeichnete Sichtbarkeit.","og_url":"https:\/\/lscourtage.ch\/de\/leistungen\/","og_site_name":"LS Courtage","article_modified_time":"2025-11-01T20:37:28+00:00","twitter_card":"summary_large_image","twitter_misc":{"Gesch\u00e4tzte Lesezeit":"1\u00a0Minute"},"schema":{"@context":"https:\/\/schema.org","@graph":[{"@type":"WebPage","@id":"https:\/\/lscourtage.ch\/de\/leistungen\/","url":"https:\/\/lscourtage.ch\/de\/leistungen\/","name":"Leistungen - LS Courtage","isPartOf":{"@id":"https:\/\/lscourtage.ch\/de\/#website"},"datePublished":"2020-02-24T21:15:15+00:00","dateModified":"2025-11-01T20:37:28+00:00","description":"Unsere Leistungen. Unsere Dienstleistungen f\u00fcr den Erfolg Ihrer Projekte. Veredeln Sie Ihre Immobilie. Sorgen Sie f\u00fcr eine ausgezeichnete Sichtbarkeit.","breadcrumb":{"@id":"https:\/\/lscourtage.ch\/de\/leistungen\/#breadcrumb"},"inLanguage":"de","potentialAction":[{"@type":"ReadAction","target":["https:\/\/lscourtage.ch\/de\/leistungen\/"]}]},{"@type":"BreadcrumbList","@id":"https:\/\/lscourtage.ch\/de\/leistungen\/#breadcrumb","itemListElement":[{"@type":"ListItem","position":1,"name":"Willkommen","item":"https:\/\/lscourtage.ch\/de\/"},{"@type":"ListItem","position":2,"name":"Leistungen"}]},{"@type":"WebSite","@id":"https:\/\/lscourtage.ch\/de\/#website","url":"https:\/\/lscourtage.ch\/de\/","name":"LS Courtage","description":"","publisher":{"@id":"https:\/\/lscourtage.ch\/de\/#organization"},"potentialAction":[{"@type":"SearchAction","target":{"@type":"EntryPoint","urlTemplate":"https:\/\/lscourtage.ch\/de\/?s={search_term_string}"},"query-input":{"@type":"PropertyValueSpecification","valueRequired":true,"valueName":"search_term_string"}}],"inLanguage":"de"},{"@type":"Organization","@id":"https:\/\/lscourtage.ch\/de\/#organization","name":"LS Courtage","url":"https:\/\/lscourtage.ch\/de\/","logo":{"@type":"ImageObject","inLanguage":"de","@id":"https:\/\/lscourtage.ch\/de\/#\/schema\/logo\/image\/","url":"https:\/\/lscourtage.ch\/wp-content\/uploads\/sites\/6\/2025\/04\/logo_LSC.png","contentUrl":"https:\/\/lscourtage.ch\/wp-content\/uploads\/sites\/6\/2025\/04\/logo_LSC.png","width":400,"height":163,"caption":"LS Courtage"},"image":{"@id":"https:\/\/lscourtage.ch\/de\/#\/schema\/logo\/image\/"}}]}},"_links":{"self":[{"href":"https:\/\/lscourtage.ch\/de\/wp-json\/wp\/v2\/pages\/22159","targetHints":{"allow":["GET"]}}],"collection":[{"href":"https:\/\/lscourtage.ch\/de\/wp-json\/wp\/v2\/pages"}],"about":[{"href":"https:\/\/lscourtage.ch\/de\/wp-json\/wp\/v2\/types\/page"}],"author":[{"embeddable":true,"href":"https:\/\/lscourtage.ch\/de\/wp-json\/wp\/v2\/users\/1"}],"replies":[{"embeddable":true,"href":"https:\/\/lscourtage.ch\/de\/wp-json\/wp\/v2\/comments?post=22159"}],"version-history":[{"count":2,"href":"https:\/\/lscourtage.ch\/de\/wp-json\/wp\/v2\/pages\/22159\/revisions"}],"predecessor-version":[{"id":23068,"href":"https:\/\/lscourtage.ch\/de\/wp-json\/wp\/v2\/pages\/22159\/revisions\/23068"}],"wp:attachment":[{"href":"https:\/\/lscourtage.ch\/de\/wp-json\/wp\/v2\/media?parent=22159"}],"curies":[{"name":"wp","href":"https:\/\/api.w.org\/{rel}","templated":true}]}}